{"id":206911,"date":"2026-03-28T11:57:20","date_gmt":"2026-03-28T11:57:20","guid":{"rendered":"https:\/\/migensearch.com\/kids\/product\/avakids-binh-sua-co-rong-greenfinger-la-cay-o-ro\/"},"modified":"2026-04-03T19:44:24","modified_gmt":"2026-04-03T19:44:24","slug":"avakids-binh-sua-co-rong-greenfinger-la-cay-o-ro","status":"publish","type":"product","link":"https:\/\/migensearch.com\/kids\/product\/avakids-binh-sua-co-rong-greenfinger-la-cay-o-ro\/","title":{"rendered":"B\u00ecnh s\u1eefa c\u1ed5 r\u1ed9ng GreenFinger &#8211; L\u00e1 c\u00e2y \u00f4 r\u00f4"},"content":{"rendered":"<p>https:\/\/www.avakids.com\/binh-sua-tren-240ml<\/p>\n","protected":false},"excerpt":{"rendered":"<p>https:\/\/www.avakids.com\/binh-sua-tren-240ml<\/p>\n","protected":false},"featured_media":999980000002069110,"comment_status":"open","ping_status":"closed","template":"","meta":[],"store":[],"product_brand":[],"product_cat":[198],"product_tag":[46],"class_list":{"0":"post-206911","1":"product","2":"type-product","3":"status-publish","4":"has-post-thumbnail","6":"product_cat-binh-sua","7":"product_tag-avakids","9":"first","10":"instock","11":"sale","12":"shipping-taxable","13":"product-type-external"},"_links":{"self":[{"href":"https:\/\/migensearch.com\/kids\/wp-json\/wp\/v2\/product\/206911","targetHints":{"allow":["GET"]}}],"collection":[{"href":"https:\/\/migensearch.com\/kids\/wp-json\/wp\/v2\/product"}],"about":[{"href":"https:\/\/migensearch.com\/kids\/wp-json\/wp\/v2\/types\/product"}],"replies":[{"embeddable":true,"href":"https:\/\/migensearch.com\/kids\/wp-json\/wp\/v2\/comments?post=206911"}],"wp:featuredmedia":[{"embeddable":true,"href":"https:\/\/migensearch.com\/kids\/wp-json\/"}],"wp:attachment":[{"href":"https:\/\/migensearch.com\/kids\/wp-json\/wp\/v2\/media?parent=206911"}],"wp:term":[{"taxonomy":"store","embeddable":true,"href":"https:\/\/migensearch.com\/kids\/wp-json\/wp\/v2\/store?post=206911"},{"taxonomy":"product_brand","embeddable":true,"href":"https:\/\/migensearch.com\/kids\/wp-json\/wp\/v2\/product_brand?post=206911"},{"taxonomy":"product_cat","embeddable":true,"href":"https:\/\/migensearch.com\/kids\/wp-json\/wp\/v2\/product_cat?post=206911"},{"taxonomy":"product_tag","embeddable":true,"href":"https:\/\/migensearch.com\/kids\/wp-json\/wp\/v2\/product_tag?post=206911"}],"curies":[{"name":"wp","href":"https:\/\/api.w.org\/{rel}","templated":true}]}}