{"id":207019,"date":"2026-03-28T11:57:46","date_gmt":"2026-03-28T11:57:46","guid":{"rendered":"https:\/\/migensearch.com\/kids\/product\/avakids-dau-tram-cung-dinh-silver-30-ml\/"},"modified":"2026-04-03T17:31:48","modified_gmt":"2026-04-03T17:31:48","slug":"avakids-dau-tram-cung-dinh-silver-30-ml","status":"publish","type":"product","link":"https:\/\/migensearch.com\/kids\/product\/avakids-dau-tram-cung-dinh-silver-30-ml\/","title":{"rendered":"D\u1ea7u tr\u00e0m Cung \u0110\u00ecnh Silver 30 ml"},"content":{"rendered":"<p>https:\/\/www.avakids.com\/tinh-dau<\/p>\n","protected":false},"excerpt":{"rendered":"<p>https:\/\/www.avakids.com\/tinh-dau<\/p>\n","protected":false},"featured_media":999980000002070190,"comment_status":"open","ping_status":"closed","template":"","meta":[],"store":[],"product_brand":[],"product_cat":[69],"product_tag":[46],"class_list":{"0":"post-207019","1":"product","2":"type-product","3":"status-publish","4":"has-post-thumbnail","6":"product_cat-dau-tram","7":"product_tag-avakids","9":"first","10":"instock","11":"sale","12":"shipping-taxable","13":"product-type-external"},"_links":{"self":[{"href":"https:\/\/migensearch.com\/kids\/wp-json\/wp\/v2\/product\/207019","targetHints":{"allow":["GET"]}}],"collection":[{"href":"https:\/\/migensearch.com\/kids\/wp-json\/wp\/v2\/product"}],"about":[{"href":"https:\/\/migensearch.com\/kids\/wp-json\/wp\/v2\/types\/product"}],"replies":[{"embeddable":true,"href":"https:\/\/migensearch.com\/kids\/wp-json\/wp\/v2\/comments?post=207019"}],"wp:featuredmedia":[{"embeddable":true,"href":"https:\/\/migensearch.com\/kids\/wp-json\/"}],"wp:attachment":[{"href":"https:\/\/migensearch.com\/kids\/wp-json\/wp\/v2\/media?parent=207019"}],"wp:term":[{"taxonomy":"store","embeddable":true,"href":"https:\/\/migensearch.com\/kids\/wp-json\/wp\/v2\/store?post=207019"},{"taxonomy":"product_brand","embeddable":true,"href":"https:\/\/migensearch.com\/kids\/wp-json\/wp\/v2\/product_brand?post=207019"},{"taxonomy":"product_cat","embeddable":true,"href":"https:\/\/migensearch.com\/kids\/wp-json\/wp\/v2\/product_cat?post=207019"},{"taxonomy":"product_tag","embeddable":true,"href":"https:\/\/migensearch.com\/kids\/wp-json\/wp\/v2\/product_tag?post=207019"}],"curies":[{"name":"wp","href":"https:\/\/api.w.org\/{rel}","templated":true}]}}