{"id":207202,"date":"2026-03-28T12:39:02","date_gmt":"2026-03-28T12:39:02","guid":{"rendered":"https:\/\/migensearch.com\/kids\/product\/longchau-nhiet-ke-thuy-ngan-do-than-nhiet-co-the-aurora-crw-23\/"},"modified":"2026-04-04T10:52:14","modified_gmt":"2026-04-04T10:52:14","slug":"longchau-nhiet-ke-thuy-ngan-do-than-nhiet-co-the-aurora-crw-23","status":"publish","type":"product","link":"https:\/\/migensearch.com\/kids\/product\/longchau-nhiet-ke-thuy-ngan-do-than-nhiet-co-the-aurora-crw-23\/","title":{"rendered":"Nhi\u1ec7t k\u1ebf thu\u1ef7 ng\u00e2n \u0111o th\u00e2n nhi\u1ec7t c\u01a1 th\u1ec3 Aurora CRW-23"},"content":{"rendered":"<p>https:\/\/nhathuoclongchau.com.vn\/trang-thiet-bi-y-te\/nhiet-ke<\/p>\n","protected":false},"excerpt":{"rendered":"<p>https:\/\/nhathuoclongchau.com.vn\/trang-thiet-bi-y-te\/nhiet-ke<\/p>\n","protected":false},"featured_media":999980000002072020,"comment_status":"open","ping_status":"closed","template":"","meta":[],"store":[],"product_brand":[],"product_cat":[68],"product_tag":[59],"class_list":{"0":"post-207202","1":"product","2":"type-product","3":"status-publish","4":"has-post-thumbnail","6":"product_cat-nhiet-ke","7":"product_tag-nha-thuoc-long-chau","9":"first","10":"instock","11":"shipping-taxable","12":"product-type-external"},"_links":{"self":[{"href":"https:\/\/migensearch.com\/kids\/wp-json\/wp\/v2\/product\/207202","targetHints":{"allow":["GET"]}}],"collection":[{"href":"https:\/\/migensearch.com\/kids\/wp-json\/wp\/v2\/product"}],"about":[{"href":"https:\/\/migensearch.com\/kids\/wp-json\/wp\/v2\/types\/product"}],"replies":[{"embeddable":true,"href":"https:\/\/migensearch.com\/kids\/wp-json\/wp\/v2\/comments?post=207202"}],"wp:featuredmedia":[{"embeddable":true,"href":"https:\/\/migensearch.com\/kids\/wp-json\/"}],"wp:attachment":[{"href":"https:\/\/migensearch.com\/kids\/wp-json\/wp\/v2\/media?parent=207202"}],"wp:term":[{"taxonomy":"store","embeddable":true,"href":"https:\/\/migensearch.com\/kids\/wp-json\/wp\/v2\/store?post=207202"},{"taxonomy":"product_brand","embeddable":true,"href":"https:\/\/migensearch.com\/kids\/wp-json\/wp\/v2\/product_brand?post=207202"},{"taxonomy":"product_cat","embeddable":true,"href":"https:\/\/migensearch.com\/kids\/wp-json\/wp\/v2\/product_cat?post=207202"},{"taxonomy":"product_tag","embeddable":true,"href":"https:\/\/migensearch.com\/kids\/wp-json\/wp\/v2\/product_tag?post=207202"}],"curies":[{"name":"wp","href":"https:\/\/api.w.org\/{rel}","templated":true}]}}