{"id":207244,"date":"2026-03-28T12:40:34","date_gmt":"2026-03-28T12:40:34","guid":{"rendered":"https:\/\/migensearch.com\/kids\/product\/bibomart-binh-sua-tommee-tippee-pp-260ml-kem-num-3-6-thang\/"},"modified":"2026-04-04T08:31:55","modified_gmt":"2026-04-04T08:31:55","slug":"bibomart-binh-sua-tommee-tippee-pp-260ml-kem-num-3-6-thang","status":"publish","type":"product","link":"https:\/\/migensearch.com\/kids\/product\/bibomart-binh-sua-tommee-tippee-pp-260ml-kem-num-3-6-thang\/","title":{"rendered":"B\u00ecnh s\u1eefa Tommee Tippee PP 260ml k\u00e8m n\u00fam 3-6 th\u00e1ng"},"content":{"rendered":"<p>https:\/\/bibomart.com.vn\/binh-sua.html<\/p>\n","protected":false},"excerpt":{"rendered":"<p>https:\/\/bibomart.com.vn\/binh-sua.html<\/p>\n","protected":false},"featured_media":999980000002072440,"comment_status":"open","ping_status":"closed","template":"","meta":[],"store":[335],"product_brand":[],"product_cat":[198],"product_tag":[217],"class_list":{"0":"post-207244","1":"product","2":"type-product","3":"status-publish","4":"has-post-thumbnail","6":"store-tommee-tippee","7":"product_cat-binh-sua","8":"product_tag-tren-240-ml","10":"first","11":"instock","12":"shipping-taxable","13":"product-type-external"},"_links":{"self":[{"href":"https:\/\/migensearch.com\/kids\/wp-json\/wp\/v2\/product\/207244","targetHints":{"allow":["GET"]}}],"collection":[{"href":"https:\/\/migensearch.com\/kids\/wp-json\/wp\/v2\/product"}],"about":[{"href":"https:\/\/migensearch.com\/kids\/wp-json\/wp\/v2\/types\/product"}],"replies":[{"embeddable":true,"href":"https:\/\/migensearch.com\/kids\/wp-json\/wp\/v2\/comments?post=207244"}],"wp:featuredmedia":[{"embeddable":true,"href":"https:\/\/migensearch.com\/kids\/wp-json\/"}],"wp:attachment":[{"href":"https:\/\/migensearch.com\/kids\/wp-json\/wp\/v2\/media?parent=207244"}],"wp:term":[{"taxonomy":"store","embeddable":true,"href":"https:\/\/migensearch.com\/kids\/wp-json\/wp\/v2\/store?post=207244"},{"taxonomy":"product_brand","embeddable":true,"href":"https:\/\/migensearch.com\/kids\/wp-json\/wp\/v2\/product_brand?post=207244"},{"taxonomy":"product_cat","embeddable":true,"href":"https:\/\/migensearch.com\/kids\/wp-json\/wp\/v2\/product_cat?post=207244"},{"taxonomy":"product_tag","embeddable":true,"href":"https:\/\/migensearch.com\/kids\/wp-json\/wp\/v2\/product_tag?post=207244"}],"curies":[{"name":"wp","href":"https:\/\/api.w.org\/{rel}","templated":true}]}}