{"id":207352,"date":"2026-03-28T12:41:06","date_gmt":"2026-03-28T12:41:06","guid":{"rendered":"https:\/\/migensearch.com\/kids\/product\/concung-binh-sua-ppsu-ty-sieu-mem-tu-nhien-tommee-tippee-natural-start-150ml-num-ty-di-kem-0-3-thang\/"},"modified":"2026-04-04T08:32:12","modified_gmt":"2026-04-04T08:32:12","slug":"concung-binh-sua-ppsu-ty-sieu-mem-tu-nhien-tommee-tippee-natural-start-150ml-num-ty-di-kem-0-3-thang","status":"publish","type":"product","link":"https:\/\/migensearch.com\/kids\/product\/concung-binh-sua-ppsu-ty-sieu-mem-tu-nhien-tommee-tippee-natural-start-150ml-num-ty-di-kem-0-3-thang\/","title":{"rendered":"B\u00ecnh S\u1eefa PPSU Ty Si\u00eau M\u1ec1m T\u1ef1 Nhi\u00ean Tommee Tippee Natural Start 150ml, N\u00fam Ty \u0110i K\u00e8m 0-3 Th\u00e1ng"},"content":{"rendered":"<p>https:\/\/concung.com\/the-gioi-binh-sua-101595.html<\/p>\n","protected":false},"excerpt":{"rendered":"<p>https:\/\/concung.com\/the-gioi-binh-sua-101595.html<\/p>\n","protected":false},"featured_media":999980000002073520,"comment_status":"open","ping_status":"closed","template":"","meta":[],"store":[335],"product_brand":[],"product_cat":[198],"product_tag":[215],"class_list":{"0":"post-207352","1":"product","2":"type-product","3":"status-publish","4":"has-post-thumbnail","6":"store-tommee-tippee","7":"product_cat-binh-sua","8":"product_tag-120-duoi-180-ml","10":"first","11":"instock","12":"shipping-taxable","13":"product-type-external"},"_links":{"self":[{"href":"https:\/\/migensearch.com\/kids\/wp-json\/wp\/v2\/product\/207352","targetHints":{"allow":["GET"]}}],"collection":[{"href":"https:\/\/migensearch.com\/kids\/wp-json\/wp\/v2\/product"}],"about":[{"href":"https:\/\/migensearch.com\/kids\/wp-json\/wp\/v2\/types\/product"}],"replies":[{"embeddable":true,"href":"https:\/\/migensearch.com\/kids\/wp-json\/wp\/v2\/comments?post=207352"}],"wp:featuredmedia":[{"embeddable":true,"href":"https:\/\/migensearch.com\/kids\/wp-json\/"}],"wp:attachment":[{"href":"https:\/\/migensearch.com\/kids\/wp-json\/wp\/v2\/media?parent=207352"}],"wp:term":[{"taxonomy":"store","embeddable":true,"href":"https:\/\/migensearch.com\/kids\/wp-json\/wp\/v2\/store?post=207352"},{"taxonomy":"product_brand","embeddable":true,"href":"https:\/\/migensearch.com\/kids\/wp-json\/wp\/v2\/product_brand?post=207352"},{"taxonomy":"product_cat","embeddable":true,"href":"https:\/\/migensearch.com\/kids\/wp-json\/wp\/v2\/product_cat?post=207352"},{"taxonomy":"product_tag","embeddable":true,"href":"https:\/\/migensearch.com\/kids\/wp-json\/wp\/v2\/product_tag?post=207352"}],"curies":[{"name":"wp","href":"https:\/\/api.w.org\/{rel}","templated":true}]}}