{"id":207618,"date":"2026-03-28T12:41:59","date_gmt":"2026-03-28T12:41:59","guid":{"rendered":"https:\/\/migensearch.com\/kids\/product\/avakids-ta-dan-bobby-size-m-giao-bao-bi-ngau-nhien\/"},"modified":"2026-04-04T08:01:54","modified_gmt":"2026-04-04T08:01:54","slug":"avakids-ta-dan-bobby-size-m-giao-bao-bi-ngau-nhien","status":"publish","type":"product","link":"https:\/\/migensearch.com\/kids\/product\/avakids-ta-dan-bobby-size-m-giao-bao-bi-ngau-nhien\/","title":{"rendered":"T\u00e3 d\u00e1n Bobby size M &#8211; Giao bao b\u00ec ng\u1eabu nhi\u00ean"},"content":{"rendered":"<p>https:\/\/www.avakids.com\/ta-cho-be<\/p>\n","protected":false},"excerpt":{"rendered":"<p>https:\/\/www.avakids.com\/ta-cho-be<\/p>\n","protected":false},"featured_media":999980000002076180,"comment_status":"open","ping_status":"closed","template":"","meta":[],"store":[170],"product_brand":[],"product_cat":[102,93],"product_tag":[143],"class_list":{"0":"post-207618","1":"product","2":"type-product","3":"status-publish","4":"has-post-thumbnail","6":"store-bobby","7":"product_cat-bim-ta-cho-be","8":"product_cat-ta-dan","9":"product_tag-size-m","11":"first","12":"instock","13":"sale","14":"shipping-taxable","15":"product-type-external"},"_links":{"self":[{"href":"https:\/\/migensearch.com\/kids\/wp-json\/wp\/v2\/product\/207618","targetHints":{"allow":["GET"]}}],"collection":[{"href":"https:\/\/migensearch.com\/kids\/wp-json\/wp\/v2\/product"}],"about":[{"href":"https:\/\/migensearch.com\/kids\/wp-json\/wp\/v2\/types\/product"}],"replies":[{"embeddable":true,"href":"https:\/\/migensearch.com\/kids\/wp-json\/wp\/v2\/comments?post=207618"}],"wp:featuredmedia":[{"embeddable":true,"href":"https:\/\/migensearch.com\/kids\/wp-json\/"}],"wp:attachment":[{"href":"https:\/\/migensearch.com\/kids\/wp-json\/wp\/v2\/media?parent=207618"}],"wp:term":[{"taxonomy":"store","embeddable":true,"href":"https:\/\/migensearch.com\/kids\/wp-json\/wp\/v2\/store?post=207618"},{"taxonomy":"product_brand","embeddable":true,"href":"https:\/\/migensearch.com\/kids\/wp-json\/wp\/v2\/product_brand?post=207618"},{"taxonomy":"product_cat","embeddable":true,"href":"https:\/\/migensearch.com\/kids\/wp-json\/wp\/v2\/product_cat?post=207618"},{"taxonomy":"product_tag","embeddable":true,"href":"https:\/\/migensearch.com\/kids\/wp-json\/wp\/v2\/product_tag?post=207618"}],"curies":[{"name":"wp","href":"https:\/\/api.w.org\/{rel}","templated":true}]}}