{"id":207641,"date":"2026-03-28T12:42:03","date_gmt":"2026-03-28T12:42:03","guid":{"rendered":"https:\/\/migensearch.com\/kids\/product\/concung-sua-tam-goi-tre-em-hang-ngay-bao-ve-va-nuoi-duong-da-va-toc-be-lactacyd-stg-extra-milky-800ml-giao-mau-ngau-nhien\/"},"modified":"2026-04-04T09:11:41","modified_gmt":"2026-04-04T09:11:41","slug":"concung-sua-tam-goi-tre-em-hang-ngay-bao-ve-va-nuoi-duong-da-va-toc-be-lactacyd-stg-extra-milky-800ml-giao-mau-ngau-nhien","status":"publish","type":"product","link":"https:\/\/migensearch.com\/kids\/product\/concung-sua-tam-goi-tre-em-hang-ngay-bao-ve-va-nuoi-duong-da-va-toc-be-lactacyd-stg-extra-milky-800ml-giao-mau-ngau-nhien\/","title":{"rendered":"S\u1eefa t\u1eafm g\u1ed9i tr\u1ebb em h\u00e0ng ng\u00e0y b\u1ea3o v\u1ec7 v\u00e0 nu\u00f4i d\u01b0\u1ee1ng da v\u00e0 t\u00f3c b\u00e9 Lactacyd STG Extra Milky 800ml (Giao m\u1eabu ng\u1eabu nhi\u00ean)"},"content":{"rendered":"<p>https:\/\/concung.com\/tam-goi-toan-than-101748.html<\/p>\n","protected":false},"excerpt":{"rendered":"<p>https:\/\/concung.com\/tam-goi-toan-than-101748.html<\/p>\n","protected":false},"featured_media":999980000002076410,"comment_status":"open","ping_status":"closed","template":"","meta":[],"store":[],"product_brand":[],"product_cat":[202,201,64],"product_tag":[56],"class_list":{"0":"post-207641","1":"product","2":"type-product","3":"status-publish","4":"has-post-thumbnail","6":"product_cat-nuoc-goi-cho-be","7":"product_cat-nuoc-tam-cho-be","8":"product_cat-tam-goi-cho-be","9":"product_tag-con-cung","11":"first","12":"instock","13":"shipping-taxable","14":"product-type-external"},"_links":{"self":[{"href":"https:\/\/migensearch.com\/kids\/wp-json\/wp\/v2\/product\/207641","targetHints":{"allow":["GET"]}}],"collection":[{"href":"https:\/\/migensearch.com\/kids\/wp-json\/wp\/v2\/product"}],"about":[{"href":"https:\/\/migensearch.com\/kids\/wp-json\/wp\/v2\/types\/product"}],"replies":[{"embeddable":true,"href":"https:\/\/migensearch.com\/kids\/wp-json\/wp\/v2\/comments?post=207641"}],"wp:featuredmedia":[{"embeddable":true,"href":"https:\/\/migensearch.com\/kids\/wp-json\/"}],"wp:attachment":[{"href":"https:\/\/migensearch.com\/kids\/wp-json\/wp\/v2\/media?parent=207641"}],"wp:term":[{"taxonomy":"store","embeddable":true,"href":"https:\/\/migensearch.com\/kids\/wp-json\/wp\/v2\/store?post=207641"},{"taxonomy":"product_brand","embeddable":true,"href":"https:\/\/migensearch.com\/kids\/wp-json\/wp\/v2\/product_brand?post=207641"},{"taxonomy":"product_cat","embeddable":true,"href":"https:\/\/migensearch.com\/kids\/wp-json\/wp\/v2\/product_cat?post=207641"},{"taxonomy":"product_tag","embeddable":true,"href":"https:\/\/migensearch.com\/kids\/wp-json\/wp\/v2\/product_tag?post=207641"}],"curies":[{"name":"wp","href":"https:\/\/api.w.org\/{rel}","templated":true}]}}