{"id":207875,"date":"2026-03-28T12:42:59","date_gmt":"2026-03-28T12:42:59","guid":{"rendered":"https:\/\/migensearch.com\/kids\/product\/concung-bim-ta-dan-bobby-sieu-tham-size-l-68-mieng-9-13kg-giao-bao-bi-ngau-nhien\/"},"modified":"2026-04-04T07:42:01","modified_gmt":"2026-04-04T07:42:01","slug":"concung-bim-ta-dan-bobby-sieu-tham-size-l-68-mieng-9-13kg-giao-bao-bi-ngau-nhien","status":"publish","type":"product","link":"https:\/\/migensearch.com\/kids\/product\/concung-bim-ta-dan-bobby-sieu-tham-size-l-68-mieng-9-13kg-giao-bao-bi-ngau-nhien\/","title":{"rendered":"B\u1ec9m t\u00e3 d\u00e1n Bobby si\u00eau th\u1ea5m size L, 68 mi\u1ebfng (9-13kg) *giao bao b\u00ec ng\u1eabu nhi\u00ean"},"content":{"rendered":"<p>https:\/\/concung.com\/bim-ta-khuyen-mai-101635.html<\/p>\n","protected":false},"excerpt":{"rendered":"<p>https:\/\/concung.com\/bim-ta-khuyen-mai-101635.html<\/p>\n","protected":false},"featured_media":999980000002078750,"comment_status":"open","ping_status":"closed","template":"","meta":[],"store":[170],"product_brand":[],"product_cat":[102,93],"product_tag":[144],"class_list":{"0":"post-207875","1":"product","2":"type-product","3":"status-publish","4":"has-post-thumbnail","6":"store-bobby","7":"product_cat-bim-ta-cho-be","8":"product_cat-ta-dan","9":"product_tag-size-l","11":"first","12":"instock","13":"shipping-taxable","14":"product-type-external"},"_links":{"self":[{"href":"https:\/\/migensearch.com\/kids\/wp-json\/wp\/v2\/product\/207875","targetHints":{"allow":["GET"]}}],"collection":[{"href":"https:\/\/migensearch.com\/kids\/wp-json\/wp\/v2\/product"}],"about":[{"href":"https:\/\/migensearch.com\/kids\/wp-json\/wp\/v2\/types\/product"}],"replies":[{"embeddable":true,"href":"https:\/\/migensearch.com\/kids\/wp-json\/wp\/v2\/comments?post=207875"}],"wp:featuredmedia":[{"embeddable":true,"href":"https:\/\/migensearch.com\/kids\/wp-json\/"}],"wp:attachment":[{"href":"https:\/\/migensearch.com\/kids\/wp-json\/wp\/v2\/media?parent=207875"}],"wp:term":[{"taxonomy":"store","embeddable":true,"href":"https:\/\/migensearch.com\/kids\/wp-json\/wp\/v2\/store?post=207875"},{"taxonomy":"product_brand","embeddable":true,"href":"https:\/\/migensearch.com\/kids\/wp-json\/wp\/v2\/product_brand?post=207875"},{"taxonomy":"product_cat","embeddable":true,"href":"https:\/\/migensearch.com\/kids\/wp-json\/wp\/v2\/product_cat?post=207875"},{"taxonomy":"product_tag","embeddable":true,"href":"https:\/\/migensearch.com\/kids\/wp-json\/wp\/v2\/product_tag?post=207875"}],"curies":[{"name":"wp","href":"https:\/\/api.w.org\/{rel}","templated":true}]}}