{"id":208096,"date":"2026-03-28T12:45:29","date_gmt":"2026-03-28T12:45:29","guid":{"rendered":"https:\/\/migensearch.com\/kids\/product\/snb-may-hut-sua-doi-dien-medela-duo-hands-free-tm\/"},"modified":"2026-04-04T08:11:39","modified_gmt":"2026-04-04T08:11:39","slug":"snb-may-hut-sua-doi-dien-medela-duo-hands-free-tm","status":"publish","type":"product","link":"https:\/\/migensearch.com\/kids\/product\/snb-may-hut-sua-doi-dien-medela-duo-hands-free-tm\/","title":{"rendered":"M\u00e1y h\u00fat s\u1eefa \u0111\u00f4i \u0111i\u1ec7n Medela Duo Hands &#8211; Free TM"},"content":{"rendered":"<p>https:\/\/www.snbshop.vn\/collections\/may-hut-sua-va-phu-kien<\/p>\n","protected":false},"excerpt":{"rendered":"<p>https:\/\/www.snbshop.vn\/collections\/may-hut-sua-va-phu-kien<\/p>\n","protected":false},"featured_media":999980000002080960,"comment_status":"open","ping_status":"closed","template":"","meta":[],"store":[351],"product_brand":[],"product_cat":[66],"product_tag":[54],"class_list":{"0":"post-208096","1":"product","2":"type-product","3":"status-publish","4":"has-post-thumbnail","6":"store-medela","7":"product_cat-may-hut-sua","8":"product_tag-soc-brothers","10":"first","11":"instock","12":"shipping-taxable","13":"product-type-external"},"_links":{"self":[{"href":"https:\/\/migensearch.com\/kids\/wp-json\/wp\/v2\/product\/208096","targetHints":{"allow":["GET"]}}],"collection":[{"href":"https:\/\/migensearch.com\/kids\/wp-json\/wp\/v2\/product"}],"about":[{"href":"https:\/\/migensearch.com\/kids\/wp-json\/wp\/v2\/types\/product"}],"replies":[{"embeddable":true,"href":"https:\/\/migensearch.com\/kids\/wp-json\/wp\/v2\/comments?post=208096"}],"wp:featuredmedia":[{"embeddable":true,"href":"https:\/\/migensearch.com\/kids\/wp-json\/"}],"wp:attachment":[{"href":"https:\/\/migensearch.com\/kids\/wp-json\/wp\/v2\/media?parent=208096"}],"wp:term":[{"taxonomy":"store","embeddable":true,"href":"https:\/\/migensearch.com\/kids\/wp-json\/wp\/v2\/store?post=208096"},{"taxonomy":"product_brand","embeddable":true,"href":"https:\/\/migensearch.com\/kids\/wp-json\/wp\/v2\/product_brand?post=208096"},{"taxonomy":"product_cat","embeddable":true,"href":"https:\/\/migensearch.com\/kids\/wp-json\/wp\/v2\/product_cat?post=208096"},{"taxonomy":"product_tag","embeddable":true,"href":"https:\/\/migensearch.com\/kids\/wp-json\/wp\/v2\/product_tag?post=208096"}],"curies":[{"name":"wp","href":"https:\/\/api.w.org\/{rel}","templated":true}]}}