{"id":208254,"date":"2026-03-28T12:47:23","date_gmt":"2026-03-28T12:47:23","guid":{"rendered":"https:\/\/migensearch.com\/kids\/product\/kidsplaza-bim-ta-dan-huggies-naturemade-size-nb60-cho-be-duoi-5kg-ec\/"},"modified":"2026-04-04T10:01:59","modified_gmt":"2026-04-04T10:01:59","slug":"kidsplaza-bim-ta-dan-huggies-naturemade-size-nb60-cho-be-duoi-5kg-ec","status":"publish","type":"product","link":"https:\/\/migensearch.com\/kids\/product\/kidsplaza-bim-ta-dan-huggies-naturemade-size-nb60-cho-be-duoi-5kg-ec\/","title":{"rendered":"B\u1ec9m\/ t\u00e3 d\u00e1n Huggies Naturemade size NB60 (cho b\u00e9 d\u01b0\u1edbi 5kg) &#8211; EC"},"content":{"rendered":"<p>https:\/\/www.kidsplaza.vn\/bim-ta-giay-cho-be.html<\/p>\n","protected":false},"excerpt":{"rendered":"<p>https:\/\/www.kidsplaza.vn\/bim-ta-giay-cho-be.html<\/p>\n","protected":false},"featured_media":999980000002082540,"comment_status":"open","ping_status":"closed","template":"","meta":[],"store":[161],"product_brand":[],"product_cat":[102,93],"product_tag":[141],"class_list":{"0":"post-208254","1":"product","2":"type-product","3":"status-publish","4":"has-post-thumbnail","6":"store-huggies","7":"product_cat-bim-ta-cho-be","8":"product_cat-ta-dan","9":"product_tag-size-new-born","11":"first","12":"instock","13":"shipping-taxable","14":"product-type-external"},"_links":{"self":[{"href":"https:\/\/migensearch.com\/kids\/wp-json\/wp\/v2\/product\/208254","targetHints":{"allow":["GET"]}}],"collection":[{"href":"https:\/\/migensearch.com\/kids\/wp-json\/wp\/v2\/product"}],"about":[{"href":"https:\/\/migensearch.com\/kids\/wp-json\/wp\/v2\/types\/product"}],"replies":[{"embeddable":true,"href":"https:\/\/migensearch.com\/kids\/wp-json\/wp\/v2\/comments?post=208254"}],"wp:featuredmedia":[{"embeddable":true,"href":"https:\/\/migensearch.com\/kids\/wp-json\/"}],"wp:attachment":[{"href":"https:\/\/migensearch.com\/kids\/wp-json\/wp\/v2\/media?parent=208254"}],"wp:term":[{"taxonomy":"store","embeddable":true,"href":"https:\/\/migensearch.com\/kids\/wp-json\/wp\/v2\/store?post=208254"},{"taxonomy":"product_brand","embeddable":true,"href":"https:\/\/migensearch.com\/kids\/wp-json\/wp\/v2\/product_brand?post=208254"},{"taxonomy":"product_cat","embeddable":true,"href":"https:\/\/migensearch.com\/kids\/wp-json\/wp\/v2\/product_cat?post=208254"},{"taxonomy":"product_tag","embeddable":true,"href":"https:\/\/migensearch.com\/kids\/wp-json\/wp\/v2\/product_tag?post=208254"}],"curies":[{"name":"wp","href":"https:\/\/api.w.org\/{rel}","templated":true}]}}