{"id":208311,"date":"2026-03-28T12:47:51","date_gmt":"2026-03-28T12:47:51","guid":{"rendered":"https:\/\/migensearch.com\/kids\/product\/kidsplaza-bim-ta-quan-huggies-tram-tra-size-xl60-cho-be-12-17kg\/"},"modified":"2026-04-04T08:11:47","modified_gmt":"2026-04-04T08:11:47","slug":"kidsplaza-bim-ta-quan-huggies-tram-tra-size-xl60-cho-be-12-17kg","status":"publish","type":"product","link":"https:\/\/migensearch.com\/kids\/product\/kidsplaza-bim-ta-quan-huggies-tram-tra-size-xl60-cho-be-12-17kg\/","title":{"rendered":"B\u1ec9m &#8211; T\u00e3 qu\u1ea7n Huggies tr\u00e0m tr\u00e0 size XL60 (cho b\u00e9 12 &#8211; 17kg)"},"content":{"rendered":"<p>https:\/\/www.kidsplaza.vn\/bim-ta-giay-cho-be.html<\/p>\n","protected":false},"excerpt":{"rendered":"<p>https:\/\/www.kidsplaza.vn\/bim-ta-giay-cho-be.html<\/p>\n","protected":false},"featured_media":999980000002083110,"comment_status":"open","ping_status":"closed","template":"","meta":[],"store":[161],"product_brand":[],"product_cat":[94,102],"product_tag":[145],"class_list":{"0":"post-208311","1":"product","2":"type-product","3":"status-publish","4":"has-post-thumbnail","6":"store-huggies","7":"product_cat-bim-quan","8":"product_cat-bim-ta-cho-be","9":"product_tag-size-xl","11":"first","12":"instock","13":"sale","14":"shipping-taxable","15":"product-type-external"},"_links":{"self":[{"href":"https:\/\/migensearch.com\/kids\/wp-json\/wp\/v2\/product\/208311","targetHints":{"allow":["GET"]}}],"collection":[{"href":"https:\/\/migensearch.com\/kids\/wp-json\/wp\/v2\/product"}],"about":[{"href":"https:\/\/migensearch.com\/kids\/wp-json\/wp\/v2\/types\/product"}],"replies":[{"embeddable":true,"href":"https:\/\/migensearch.com\/kids\/wp-json\/wp\/v2\/comments?post=208311"}],"wp:featuredmedia":[{"embeddable":true,"href":"https:\/\/migensearch.com\/kids\/wp-json\/"}],"wp:attachment":[{"href":"https:\/\/migensearch.com\/kids\/wp-json\/wp\/v2\/media?parent=208311"}],"wp:term":[{"taxonomy":"store","embeddable":true,"href":"https:\/\/migensearch.com\/kids\/wp-json\/wp\/v2\/store?post=208311"},{"taxonomy":"product_brand","embeddable":true,"href":"https:\/\/migensearch.com\/kids\/wp-json\/wp\/v2\/product_brand?post=208311"},{"taxonomy":"product_cat","embeddable":true,"href":"https:\/\/migensearch.com\/kids\/wp-json\/wp\/v2\/product_cat?post=208311"},{"taxonomy":"product_tag","embeddable":true,"href":"https:\/\/migensearch.com\/kids\/wp-json\/wp\/v2\/product_tag?post=208311"}],"curies":[{"name":"wp","href":"https:\/\/api.w.org\/{rel}","templated":true}]}}