{"id":210632,"date":"2026-04-06T02:50:43","date_gmt":"2026-04-06T02:50:43","guid":{"rendered":"https:\/\/migensearch.com\/kids\/product\/concung-sua-tam-goi-toan-than-cho-be-natural-botanical-500ml-pigeon-natural-botanical-baby-head-body-wash-500ml\/"},"modified":"2026-04-10T10:33:14","modified_gmt":"2026-04-10T10:33:14","slug":"concung-sua-tam-goi-toan-than-cho-be-natural-botanical-500ml-pigeon-natural-botanical-baby-head-body-wash-500ml","status":"publish","type":"product","link":"https:\/\/migensearch.com\/kids\/product\/concung-sua-tam-goi-toan-than-cho-be-natural-botanical-500ml-pigeon-natural-botanical-baby-head-body-wash-500ml\/","title":{"rendered":"S\u1eeeA T\u1eaeM G\u1ed8I TO\u00c0N TH\u00c2N CHO B\u00c9 NATURAL BOTANICAL 500ML &#8211; PIGEON NATURAL BOTANICAL BABY HEAD &amp; BODY WASH 500ML"},"content":{"rendered":"<p>https:\/\/concung.com\/tam-goi-toan-than-101748.html<\/p>\n","protected":false},"excerpt":{"rendered":"<p>https:\/\/concung.com\/tam-goi-toan-than-101748.html<\/p>\n","protected":false},"featured_media":0,"comment_status":"open","ping_status":"closed","template":"","meta":[],"store":[],"product_brand":[],"product_cat":[64],"product_tag":[56],"class_list":{"0":"post-210632","1":"product","2":"type-product","3":"status-publish","5":"product_cat-tam-goi-cho-be","6":"product_tag-con-cung","8":"first","9":"instock","10":"shipping-taxable","11":"product-type-external"},"_links":{"self":[{"href":"https:\/\/migensearch.com\/kids\/wp-json\/wp\/v2\/product\/210632","targetHints":{"allow":["GET"]}}],"collection":[{"href":"https:\/\/migensearch.com\/kids\/wp-json\/wp\/v2\/product"}],"about":[{"href":"https:\/\/migensearch.com\/kids\/wp-json\/wp\/v2\/types\/product"}],"replies":[{"embeddable":true,"href":"https:\/\/migensearch.com\/kids\/wp-json\/wp\/v2\/comments?post=210632"}],"wp:attachment":[{"href":"https:\/\/migensearch.com\/kids\/wp-json\/wp\/v2\/media?parent=210632"}],"wp:term":[{"taxonomy":"store","embeddable":true,"href":"https:\/\/migensearch.com\/kids\/wp-json\/wp\/v2\/store?post=210632"},{"taxonomy":"product_brand","embeddable":true,"href":"https:\/\/migensearch.com\/kids\/wp-json\/wp\/v2\/product_brand?post=210632"},{"taxonomy":"product_cat","embeddable":true,"href":"https:\/\/migensearch.com\/kids\/wp-json\/wp\/v2\/product_cat?post=210632"},{"taxonomy":"product_tag","embeddable":true,"href":"https:\/\/migensearch.com\/kids\/wp-json\/wp\/v2\/product_tag?post=210632"}],"curies":[{"name":"wp","href":"https:\/\/api.w.org\/{rel}","templated":true}]}}