{"id":210633,"date":"2026-04-06T02:50:43","date_gmt":"2026-04-06T02:50:43","guid":{"rendered":"https:\/\/migensearch.com\/kids\/product\/concung-muoi-tam-be-tram-tra-tri-rom-say-man-ngua-450g\/"},"modified":"2026-04-12T14:33:52","modified_gmt":"2026-04-12T14:33:52","slug":"concung-muoi-tam-be-tram-tra-tri-rom-say-man-ngua-450g","status":"publish","type":"product","link":"https:\/\/migensearch.com\/kids\/product\/concung-muoi-tam-be-tram-tra-tri-rom-say-man-ngua-450g\/","title":{"rendered":"Mu\u1ed1i t\u1eafm b\u00e9 tr\u00e0m tr\u00e0 tr\u1ecb r\u00f4m s\u1ea3y &amp; m\u1eabn ng\u1ee9a 450g"},"content":{"rendered":"<p>https:\/\/concung.com\/tam-goi-toan-than-101748.html<\/p>\n","protected":false},"excerpt":{"rendered":"<p>https:\/\/concung.com\/tam-goi-toan-than-101748.html<\/p>\n","protected":false},"featured_media":0,"comment_status":"open","ping_status":"closed","template":"","meta":[],"store":[],"product_brand":[],"product_cat":[201,64],"product_tag":[56],"class_list":{"0":"post-210633","1":"product","2":"type-product","3":"status-publish","5":"product_cat-nuoc-tam-cho-be","6":"product_cat-tam-goi-cho-be","7":"product_tag-con-cung","9":"first","10":"instock","11":"shipping-taxable","12":"product-type-external"},"_links":{"self":[{"href":"https:\/\/migensearch.com\/kids\/wp-json\/wp\/v2\/product\/210633","targetHints":{"allow":["GET"]}}],"collection":[{"href":"https:\/\/migensearch.com\/kids\/wp-json\/wp\/v2\/product"}],"about":[{"href":"https:\/\/migensearch.com\/kids\/wp-json\/wp\/v2\/types\/product"}],"replies":[{"embeddable":true,"href":"https:\/\/migensearch.com\/kids\/wp-json\/wp\/v2\/comments?post=210633"}],"wp:attachment":[{"href":"https:\/\/migensearch.com\/kids\/wp-json\/wp\/v2\/media?parent=210633"}],"wp:term":[{"taxonomy":"store","embeddable":true,"href":"https:\/\/migensearch.com\/kids\/wp-json\/wp\/v2\/store?post=210633"},{"taxonomy":"product_brand","embeddable":true,"href":"https:\/\/migensearch.com\/kids\/wp-json\/wp\/v2\/product_brand?post=210633"},{"taxonomy":"product_cat","embeddable":true,"href":"https:\/\/migensearch.com\/kids\/wp-json\/wp\/v2\/product_cat?post=210633"},{"taxonomy":"product_tag","embeddable":true,"href":"https:\/\/migensearch.com\/kids\/wp-json\/wp\/v2\/product_tag?post=210633"}],"curies":[{"name":"wp","href":"https:\/\/api.w.org\/{rel}","templated":true}]}}