{"id":210675,"date":"2026-04-13T01:20:51","date_gmt":"2026-04-13T01:20:51","guid":{"rendered":"https:\/\/migensearch.com\/kids\/product\/sakukostore-kracie-dau-xa-danh-cho-be-va-gia-dinh-490ml\/"},"modified":"2026-04-19T06:47:29","modified_gmt":"2026-04-19T06:47:29","slug":"sakukostore-kracie-dau-xa-danh-cho-be-va-gia-dinh-490ml","status":"publish","type":"product","link":"https:\/\/migensearch.com\/kids\/product\/sakukostore-kracie-dau-xa-danh-cho-be-va-gia-dinh-490ml\/","title":{"rendered":"KRACIE-D\u1ea7u x\u1ea3 d\u00e0nh cho b\u00e9 v\u00e0 gia \u0111\u00ecnh 490ml"},"content":{"rendered":"<p>https:\/\/sakukostore.com.vn\/collections\/dau-goi<\/p>\n","protected":false},"excerpt":{"rendered":"<p>https:\/\/sakukostore.com.vn\/collections\/dau-goi<\/p>\n","protected":false},"featured_media":999980000002106750,"comment_status":"open","ping_status":"closed","template":"","meta":[],"store":[],"product_brand":[],"product_cat":[202,64],"product_tag":[49],"class_list":{"0":"post-210675","1":"product","2":"type-product","3":"status-publish","4":"has-post-thumbnail","6":"product_cat-nuoc-goi-cho-be","7":"product_cat-tam-goi-cho-be","8":"product_tag-sakuko-store","10":"first","11":"instock","12":"shipping-taxable","13":"product-type-external"},"_links":{"self":[{"href":"https:\/\/migensearch.com\/kids\/wp-json\/wp\/v2\/product\/210675","targetHints":{"allow":["GET"]}}],"collection":[{"href":"https:\/\/migensearch.com\/kids\/wp-json\/wp\/v2\/product"}],"about":[{"href":"https:\/\/migensearch.com\/kids\/wp-json\/wp\/v2\/types\/product"}],"replies":[{"embeddable":true,"href":"https:\/\/migensearch.com\/kids\/wp-json\/wp\/v2\/comments?post=210675"}],"wp:featuredmedia":[{"embeddable":true,"href":"https:\/\/migensearch.com\/kids\/wp-json\/"}],"wp:attachment":[{"href":"https:\/\/migensearch.com\/kids\/wp-json\/wp\/v2\/media?parent=210675"}],"wp:term":[{"taxonomy":"store","embeddable":true,"href":"https:\/\/migensearch.com\/kids\/wp-json\/wp\/v2\/store?post=210675"},{"taxonomy":"product_brand","embeddable":true,"href":"https:\/\/migensearch.com\/kids\/wp-json\/wp\/v2\/product_brand?post=210675"},{"taxonomy":"product_cat","embeddable":true,"href":"https:\/\/migensearch.com\/kids\/wp-json\/wp\/v2\/product_cat?post=210675"},{"taxonomy":"product_tag","embeddable":true,"href":"https:\/\/migensearch.com\/kids\/wp-json\/wp\/v2\/product_tag?post=210675"}],"curies":[{"name":"wp","href":"https:\/\/api.w.org\/{rel}","templated":true}]}}