{"id":30808,"date":"2026-03-17T04:20:37","date_gmt":"2026-03-17T04:20:37","guid":{"rendered":"https:\/\/migensearch.com\/vangbac\/product\/bitis-giay-bup-be-be-gai-bitis-bbg000800hog\/"},"modified":"2026-04-17T04:15:35","modified_gmt":"2026-04-17T04:15:35","slug":"bitis-giay-bup-be-be-gai-bitis-bbg000800hog","status":"publish","type":"product","link":"https:\/\/migensearch.com\/vangbac\/product\/bitis-giay-bup-be-be-gai-bitis-bbg000800hog\/","title":{"rendered":"Gi\u00e0y B\u00fap B\u00ea B\u00e9 G\u00e1i Biti&#8217;s BBG000800HOG"},"content":{"rendered":"<p>https:\/\/bitis.com.vn\/collections\/giay-bup-be-be-gai<\/p>\n","protected":false},"excerpt":{"rendered":"<p>https:\/\/bitis.com.vn\/collections\/giay-bup-be-be-gai<\/p>\n","protected":false},"featured_media":999980000000308080,"comment_status":"open","ping_status":"closed","template":"","meta":{"_gspb_post_css":""},"store":[],"product_brand":[],"product_cat":[52],"product_tag":[40],"class_list":{"0":"post-30808","1":"product","2":"type-product","3":"status-publish","4":"has-post-thumbnail","6":"product_cat-giay-be-gai","7":"product_tag-bitis","9":"first","10":"instock","11":"shipping-taxable","12":"product-type-external"},"_links":{"self":[{"href":"https:\/\/migensearch.com\/vangbac\/wp-json\/wp\/v2\/product\/30808","targetHints":{"allow":["GET"]}}],"collection":[{"href":"https:\/\/migensearch.com\/vangbac\/wp-json\/wp\/v2\/product"}],"about":[{"href":"https:\/\/migensearch.com\/vangbac\/wp-json\/wp\/v2\/types\/product"}],"replies":[{"embeddable":true,"href":"https:\/\/migensearch.com\/vangbac\/wp-json\/wp\/v2\/comments?post=30808"}],"wp:featuredmedia":[{"embeddable":true,"href":"https:\/\/migensearch.com\/vangbac\/wp-json\/"}],"wp:attachment":[{"href":"https:\/\/migensearch.com\/vangbac\/wp-json\/wp\/v2\/media?parent=30808"}],"wp:term":[{"taxonomy":"store","embeddable":true,"href":"https:\/\/migensearch.com\/vangbac\/wp-json\/wp\/v2\/store?post=30808"},{"taxonomy":"product_brand","embeddable":true,"href":"https:\/\/migensearch.com\/vangbac\/wp-json\/wp\/v2\/product_brand?post=30808"},{"taxonomy":"product_cat","embeddable":true,"href":"https:\/\/migensearch.com\/vangbac\/wp-json\/wp\/v2\/product_cat?post=30808"},{"taxonomy":"product_tag","embeddable":true,"href":"https:\/\/migensearch.com\/vangbac\/wp-json\/wp\/v2\/product_tag?post=30808"}],"curies":[{"name":"wp","href":"https:\/\/api.w.org\/{rel}","templated":true}]}}