{"id":30918,"date":"2026-03-17T04:21:41","date_gmt":"2026-03-17T04:21:41","guid":{"rendered":"https:\/\/migensearch.com\/vangbac\/product\/bitis-giay-tap-di-bitis-be-trai-mau-xanh-nhot-bsb000900xnh\/"},"modified":"2026-05-02T05:36:52","modified_gmt":"2026-05-02T05:36:52","slug":"bitis-giay-tap-di-bitis-be-trai-mau-xanh-nhot-bsb000900xnh","status":"publish","type":"product","link":"https:\/\/migensearch.com\/vangbac\/product\/bitis-giay-tap-di-bitis-be-trai-mau-xanh-nhot-bsb000900xnh\/","title":{"rendered":"Gi\u00e0y T\u1eadp \u0110i Biti&#8217;s B\u00e9 Trai M\u00e0u Xanh Nh\u1edbt BSB000900XNH"},"content":{"rendered":"<p>https:\/\/bitis.com.vn\/collections\/giay-tap-di<\/p>\n","protected":false},"excerpt":{"rendered":"<p>https:\/\/bitis.com.vn\/collections\/giay-tap-di<\/p>\n","protected":false},"featured_media":999980000000309180,"comment_status":"open","ping_status":"closed","template":"","meta":{"_gspb_post_css":""},"store":[],"product_brand":[],"product_cat":[60],"product_tag":[40],"class_list":{"0":"post-30918","1":"product","2":"type-product","3":"status-publish","4":"has-post-thumbnail","6":"product_cat-giay-tap-di","7":"product_tag-bitis","9":"first","10":"instock","11":"shipping-taxable","12":"product-type-external"},"_links":{"self":[{"href":"https:\/\/migensearch.com\/vangbac\/wp-json\/wp\/v2\/product\/30918","targetHints":{"allow":["GET"]}}],"collection":[{"href":"https:\/\/migensearch.com\/vangbac\/wp-json\/wp\/v2\/product"}],"about":[{"href":"https:\/\/migensearch.com\/vangbac\/wp-json\/wp\/v2\/types\/product"}],"replies":[{"embeddable":true,"href":"https:\/\/migensearch.com\/vangbac\/wp-json\/wp\/v2\/comments?post=30918"}],"wp:featuredmedia":[{"embeddable":true,"href":"https:\/\/migensearch.com\/vangbac\/wp-json\/"}],"wp:attachment":[{"href":"https:\/\/migensearch.com\/vangbac\/wp-json\/wp\/v2\/media?parent=30918"}],"wp:term":[{"taxonomy":"store","embeddable":true,"href":"https:\/\/migensearch.com\/vangbac\/wp-json\/wp\/v2\/store?post=30918"},{"taxonomy":"product_brand","embeddable":true,"href":"https:\/\/migensearch.com\/vangbac\/wp-json\/wp\/v2\/product_brand?post=30918"},{"taxonomy":"product_cat","embeddable":true,"href":"https:\/\/migensearch.com\/vangbac\/wp-json\/wp\/v2\/product_cat?post=30918"},{"taxonomy":"product_tag","embeddable":true,"href":"https:\/\/migensearch.com\/vangbac\/wp-json\/wp\/v2\/product_tag?post=30918"}],"curies":[{"name":"wp","href":"https:\/\/api.w.org\/{rel}","templated":true}]}}