{"id":30938,"date":"2026-03-17T04:21:54","date_gmt":"2026-03-17T04:21:54","guid":{"rendered":"https:\/\/migensearch.com\/vangbac\/product\/bitis-sandal-bitis-be-trai-mau-den-btb001400den\/"},"modified":"2026-04-30T04:36:19","modified_gmt":"2026-04-30T04:36:19","slug":"bitis-sandal-bitis-be-trai-mau-den-btb001400den","status":"publish","type":"product","link":"https:\/\/migensearch.com\/vangbac\/product\/bitis-sandal-bitis-be-trai-mau-den-btb001400den\/","title":{"rendered":"Sandal Biti&#8217;s B\u00e9 Trai M\u00e0u \u0110en BTB001400DEN"},"content":{"rendered":"<p>https:\/\/bitis.com.vn\/collections\/sandal-be-trai<\/p>\n","protected":false},"excerpt":{"rendered":"<p>https:\/\/bitis.com.vn\/collections\/sandal-be-trai<\/p>\n","protected":false},"featured_media":999980000000309380,"comment_status":"open","ping_status":"closed","template":"","meta":{"_gspb_post_css":""},"store":[],"product_brand":[],"product_cat":[38],"product_tag":[40],"class_list":{"0":"post-30938","1":"product","2":"type-product","3":"status-publish","4":"has-post-thumbnail","6":"product_cat-dep-sandal-be-trai","7":"product_tag-bitis","9":"first","10":"instock","11":"shipping-taxable","12":"product-type-external"},"_links":{"self":[{"href":"https:\/\/migensearch.com\/vangbac\/wp-json\/wp\/v2\/product\/30938","targetHints":{"allow":["GET"]}}],"collection":[{"href":"https:\/\/migensearch.com\/vangbac\/wp-json\/wp\/v2\/product"}],"about":[{"href":"https:\/\/migensearch.com\/vangbac\/wp-json\/wp\/v2\/types\/product"}],"replies":[{"embeddable":true,"href":"https:\/\/migensearch.com\/vangbac\/wp-json\/wp\/v2\/comments?post=30938"}],"wp:featuredmedia":[{"embeddable":true,"href":"https:\/\/migensearch.com\/vangbac\/wp-json\/"}],"wp:attachment":[{"href":"https:\/\/migensearch.com\/vangbac\/wp-json\/wp\/v2\/media?parent=30938"}],"wp:term":[{"taxonomy":"store","embeddable":true,"href":"https:\/\/migensearch.com\/vangbac\/wp-json\/wp\/v2\/store?post=30938"},{"taxonomy":"product_brand","embeddable":true,"href":"https:\/\/migensearch.com\/vangbac\/wp-json\/wp\/v2\/product_brand?post=30938"},{"taxonomy":"product_cat","embeddable":true,"href":"https:\/\/migensearch.com\/vangbac\/wp-json\/wp\/v2\/product_cat?post=30938"},{"taxonomy":"product_tag","embeddable":true,"href":"https:\/\/migensearch.com\/vangbac\/wp-json\/wp\/v2\/product_tag?post=30938"}],"curies":[{"name":"wp","href":"https:\/\/api.w.org\/{rel}","templated":true}]}}