{"id":31088,"date":"2026-03-17T04:23:32","date_gmt":"2026-03-17T04:23:32","guid":{"rendered":"https:\/\/migensearch.com\/vangbac\/product\/bitis-sandals-cao-got-bitis-nu-mau-reu-dam-bfw008188red\/"},"modified":"2026-04-18T17:27:46","modified_gmt":"2026-04-18T17:27:46","slug":"bitis-sandals-cao-got-bitis-nu-mau-reu-dam-bfw008188red","status":"publish","type":"product","link":"https:\/\/migensearch.com\/vangbac\/product\/bitis-sandals-cao-got-bitis-nu-mau-reu-dam-bfw008188red\/","title":{"rendered":"Sandals Cao G\u00f3t Biti&#8217;s N\u1eef M\u00e0u R\u00eau \u0110\u1eadm BFW008188RED"},"content":{"rendered":"<p>https:\/\/bitis.com.vn\/collections\/sandal-nu-1<\/p>\n","protected":false},"excerpt":{"rendered":"<p>https:\/\/bitis.com.vn\/collections\/sandal-nu-1<\/p>\n","protected":false},"featured_media":32095,"comment_status":"open","ping_status":"closed","template":"","meta":{"_gspb_post_css":""},"store":[],"product_brand":[],"product_cat":[37,55],"product_tag":[40],"class_list":{"0":"post-31088","1":"product","2":"type-product","3":"status-publish","4":"has-post-thumbnail","6":"product_cat-dep-sandal-nu","7":"product_cat-giay-cao-got","8":"product_tag-bitis","10":"first","11":"instock","12":"shipping-taxable","13":"product-type-external"},"_links":{"self":[{"href":"https:\/\/migensearch.com\/vangbac\/wp-json\/wp\/v2\/product\/31088","targetHints":{"allow":["GET"]}}],"collection":[{"href":"https:\/\/migensearch.com\/vangbac\/wp-json\/wp\/v2\/product"}],"about":[{"href":"https:\/\/migensearch.com\/vangbac\/wp-json\/wp\/v2\/types\/product"}],"replies":[{"embeddable":true,"href":"https:\/\/migensearch.com\/vangbac\/wp-json\/wp\/v2\/comments?post=31088"}],"wp:featuredmedia":[{"embeddable":true,"href":"https:\/\/migensearch.com\/vangbac\/wp-json\/wp\/v2\/media\/32095"}],"wp:attachment":[{"href":"https:\/\/migensearch.com\/vangbac\/wp-json\/wp\/v2\/media?parent=31088"}],"wp:term":[{"taxonomy":"store","embeddable":true,"href":"https:\/\/migensearch.com\/vangbac\/wp-json\/wp\/v2\/store?post=31088"},{"taxonomy":"product_brand","embeddable":true,"href":"https:\/\/migensearch.com\/vangbac\/wp-json\/wp\/v2\/product_brand?post=31088"},{"taxonomy":"product_cat","embeddable":true,"href":"https:\/\/migensearch.com\/vangbac\/wp-json\/wp\/v2\/product_cat?post=31088"},{"taxonomy":"product_tag","embeddable":true,"href":"https:\/\/migensearch.com\/vangbac\/wp-json\/wp\/v2\/product_tag?post=31088"}],"curies":[{"name":"wp","href":"https:\/\/api.w.org\/{rel}","templated":true}]}}