{"id":31101,"date":"2026-03-17T04:23:35","date_gmt":"2026-03-17T04:23:35","guid":{"rendered":"https:\/\/migensearch.com\/vangbac\/product\/bitis-giay-bit-cao-got-bitis-mary-jane-nu-mau-den-bfw007188den\/"},"modified":"2026-04-30T04:17:59","modified_gmt":"2026-04-30T04:17:59","slug":"bitis-giay-bit-cao-got-bitis-mary-jane-nu-mau-den-bfw007188den","status":"publish","type":"product","link":"https:\/\/migensearch.com\/vangbac\/product\/bitis-giay-bit-cao-got-bitis-mary-jane-nu-mau-den-bfw007188den\/","title":{"rendered":"Gi\u00e0y B\u00edt Cao G\u00f3t Biti&#8217;s Mary Jane N\u1eef M\u00e0u \u0110en BFW007188DEN"},"content":{"rendered":"<p>https:\/\/bitis.com.vn\/collections\/giay-cao-got<\/p>\n","protected":false},"excerpt":{"rendered":"<p>https:\/\/bitis.com.vn\/collections\/giay-cao-got<\/p>\n","protected":false},"featured_media":32108,"comment_status":"open","ping_status":"closed","template":"","meta":{"_gspb_post_css":""},"store":[],"product_brand":[],"product_cat":[55],"product_tag":[40],"class_list":{"0":"post-31101","1":"product","2":"type-product","3":"status-publish","4":"has-post-thumbnail","6":"product_cat-giay-cao-got","7":"product_tag-bitis","9":"first","10":"instock","11":"shipping-taxable","12":"product-type-external"},"_links":{"self":[{"href":"https:\/\/migensearch.com\/vangbac\/wp-json\/wp\/v2\/product\/31101","targetHints":{"allow":["GET"]}}],"collection":[{"href":"https:\/\/migensearch.com\/vangbac\/wp-json\/wp\/v2\/product"}],"about":[{"href":"https:\/\/migensearch.com\/vangbac\/wp-json\/wp\/v2\/types\/product"}],"replies":[{"embeddable":true,"href":"https:\/\/migensearch.com\/vangbac\/wp-json\/wp\/v2\/comments?post=31101"}],"wp:featuredmedia":[{"embeddable":true,"href":"https:\/\/migensearch.com\/vangbac\/wp-json\/wp\/v2\/media\/32108"}],"wp:attachment":[{"href":"https:\/\/migensearch.com\/vangbac\/wp-json\/wp\/v2\/media?parent=31101"}],"wp:term":[{"taxonomy":"store","embeddable":true,"href":"https:\/\/migensearch.com\/vangbac\/wp-json\/wp\/v2\/store?post=31101"},{"taxonomy":"product_brand","embeddable":true,"href":"https:\/\/migensearch.com\/vangbac\/wp-json\/wp\/v2\/product_brand?post=31101"},{"taxonomy":"product_cat","embeddable":true,"href":"https:\/\/migensearch.com\/vangbac\/wp-json\/wp\/v2\/product_cat?post=31101"},{"taxonomy":"product_tag","embeddable":true,"href":"https:\/\/migensearch.com\/vangbac\/wp-json\/wp\/v2\/product_tag?post=31101"}],"curies":[{"name":"wp","href":"https:\/\/api.w.org\/{rel}","templated":true}]}}