{"id":31610,"date":"2026-03-17T04:30:33","date_gmt":"2026-03-17T04:30:33","guid":{"rendered":"https:\/\/migensearch.com\/vangbac\/product\/bitis-giay-the-thao-bitis-hunter-running-litedual-original-edition-2k24-nam-mau-xanh-la-cay-hsm004801xlc\/"},"modified":"2026-04-17T03:06:52","modified_gmt":"2026-04-17T03:06:52","slug":"bitis-giay-the-thao-bitis-hunter-running-litedual-original-edition-2k24-nam-mau-xanh-la-cay-hsm004801xlc","status":"publish","type":"product","link":"https:\/\/migensearch.com\/vangbac\/product\/bitis-giay-the-thao-bitis-hunter-running-litedual-original-edition-2k24-nam-mau-xanh-la-cay-hsm004801xlc\/","title":{"rendered":"Gi\u00e0y Th\u1ec3 Thao Biti\u2019s Hunter Running LiteDual &#8211; Original Edition 2K24 Nam M\u00e0u Xanh L\u00e1 C\u00e2y HSM004801XLC"},"content":{"rendered":"<p>https:\/\/bitis.com.vn\/collections\/hunter-nam<\/p>\n","protected":false},"excerpt":{"rendered":"<p>https:\/\/bitis.com.vn\/collections\/hunter-nam<\/p>\n","protected":false},"featured_media":999980000000316100,"comment_status":"open","ping_status":"closed","template":"","meta":{"_gspb_post_css":""},"store":[],"product_brand":[],"product_cat":[53],"product_tag":[40],"class_list":{"0":"post-31610","1":"product","2":"type-product","3":"status-publish","4":"has-post-thumbnail","6":"product_cat-giay-the-thao-nam","7":"product_tag-bitis","9":"first","10":"instock","11":"shipping-taxable","12":"product-type-external"},"_links":{"self":[{"href":"https:\/\/migensearch.com\/vangbac\/wp-json\/wp\/v2\/product\/31610","targetHints":{"allow":["GET"]}}],"collection":[{"href":"https:\/\/migensearch.com\/vangbac\/wp-json\/wp\/v2\/product"}],"about":[{"href":"https:\/\/migensearch.com\/vangbac\/wp-json\/wp\/v2\/types\/product"}],"replies":[{"embeddable":true,"href":"https:\/\/migensearch.com\/vangbac\/wp-json\/wp\/v2\/comments?post=31610"}],"wp:featuredmedia":[{"embeddable":true,"href":"https:\/\/migensearch.com\/vangbac\/wp-json\/"}],"wp:attachment":[{"href":"https:\/\/migensearch.com\/vangbac\/wp-json\/wp\/v2\/media?parent=31610"}],"wp:term":[{"taxonomy":"store","embeddable":true,"href":"https:\/\/migensearch.com\/vangbac\/wp-json\/wp\/v2\/store?post=31610"},{"taxonomy":"product_brand","embeddable":true,"href":"https:\/\/migensearch.com\/vangbac\/wp-json\/wp\/v2\/product_brand?post=31610"},{"taxonomy":"product_cat","embeddable":true,"href":"https:\/\/migensearch.com\/vangbac\/wp-json\/wp\/v2\/product_cat?post=31610"},{"taxonomy":"product_tag","embeddable":true,"href":"https:\/\/migensearch.com\/vangbac\/wp-json\/wp\/v2\/product_tag?post=31610"}],"curies":[{"name":"wp","href":"https:\/\/api.w.org\/{rel}","templated":true}]}}