{"id":32907,"date":"2026-04-03T22:52:11","date_gmt":"2026-04-03T22:52:11","guid":{"rendered":"https:\/\/migensearch.com\/vangbac\/product\/bitis-giay-bup-be-nu-bitis-bbw001688\/"},"modified":"2026-04-03T22:52:11","modified_gmt":"2026-04-03T22:52:11","slug":"bitis-giay-bup-be-nu-bitis-bbw001688","status":"publish","type":"product","link":"https:\/\/migensearch.com\/vangbac\/product\/bitis-giay-bup-be-nu-bitis-bbw001688\/","title":{"rendered":"Gi\u00e0y B\u00fap B\u00ea N\u1eef Biti&#8217;s BBW001688"},"content":{"rendered":"<p>https:\/\/bitis.com.vn\/collections\/giay-bup-be-nu<\/p>\n","protected":false},"excerpt":{"rendered":"<p>https:\/\/bitis.com.vn\/collections\/giay-bup-be-nu<\/p>\n","protected":false},"featured_media":0,"comment_status":"open","ping_status":"closed","template":"","meta":{"_gspb_post_css":""},"store":[],"product_brand":[],"product_cat":[15],"product_tag":[40],"class_list":{"0":"post-32907","1":"product","2":"type-product","3":"status-publish","5":"product_cat-uncategorized","6":"product_tag-bitis","8":"first","9":"instock","10":"shipping-taxable","11":"product-type-external"},"_links":{"self":[{"href":"https:\/\/migensearch.com\/vangbac\/wp-json\/wp\/v2\/product\/32907","targetHints":{"allow":["GET"]}}],"collection":[{"href":"https:\/\/migensearch.com\/vangbac\/wp-json\/wp\/v2\/product"}],"about":[{"href":"https:\/\/migensearch.com\/vangbac\/wp-json\/wp\/v2\/types\/product"}],"replies":[{"embeddable":true,"href":"https:\/\/migensearch.com\/vangbac\/wp-json\/wp\/v2\/comments?post=32907"}],"wp:attachment":[{"href":"https:\/\/migensearch.com\/vangbac\/wp-json\/wp\/v2\/media?parent=32907"}],"wp:term":[{"taxonomy":"store","embeddable":true,"href":"https:\/\/migensearch.com\/vangbac\/wp-json\/wp\/v2\/store?post=32907"},{"taxonomy":"product_brand","embeddable":true,"href":"https:\/\/migensearch.com\/vangbac\/wp-json\/wp\/v2\/product_brand?post=32907"},{"taxonomy":"product_cat","embeddable":true,"href":"https:\/\/migensearch.com\/vangbac\/wp-json\/wp\/v2\/product_cat?post=32907"},{"taxonomy":"product_tag","embeddable":true,"href":"https:\/\/migensearch.com\/vangbac\/wp-json\/wp\/v2\/product_tag?post=32907"}],"curies":[{"name":"wp","href":"https:\/\/api.w.org\/{rel}","templated":true}]}}