{"id":32942,"date":"2026-04-17T22:55:59","date_gmt":"2026-04-17T22:55:59","guid":{"rendered":"https:\/\/migensearch.com\/vangbac\/product\/bitis-sandal-bitis-be-gai-mau-den-beg006800den\/"},"modified":"2026-04-17T22:56:00","modified_gmt":"2026-04-17T22:56:00","slug":"bitis-sandal-bitis-be-gai-mau-den-beg006800den","status":"publish","type":"product","link":"https:\/\/migensearch.com\/vangbac\/product\/bitis-sandal-bitis-be-gai-mau-den-beg006800den\/","title":{"rendered":"Sandal Biti&#8217;s B\u00e9 G\u00e1i M\u00e0u \u0110en BEG006800DEN"},"content":{"rendered":"<p>https:\/\/bitis.com.vn\/collections\/sandal-be-gai<\/p>\n","protected":false},"excerpt":{"rendered":"<p>https:\/\/bitis.com.vn\/collections\/sandal-be-gai<\/p>\n","protected":false},"featured_media":0,"comment_status":"open","ping_status":"closed","template":"","meta":{"_gspb_post_css":""},"store":[],"product_brand":[],"product_cat":[81],"product_tag":[40],"class_list":{"0":"post-32942","1":"product","2":"type-product","3":"status-publish","5":"product_cat-dep-sandal-be-gai-2","6":"product_tag-bitis","8":"first","9":"instock","10":"shipping-taxable","11":"product-type-external"},"_links":{"self":[{"href":"https:\/\/migensearch.com\/vangbac\/wp-json\/wp\/v2\/product\/32942","targetHints":{"allow":["GET"]}}],"collection":[{"href":"https:\/\/migensearch.com\/vangbac\/wp-json\/wp\/v2\/product"}],"about":[{"href":"https:\/\/migensearch.com\/vangbac\/wp-json\/wp\/v2\/types\/product"}],"replies":[{"embeddable":true,"href":"https:\/\/migensearch.com\/vangbac\/wp-json\/wp\/v2\/comments?post=32942"}],"wp:attachment":[{"href":"https:\/\/migensearch.com\/vangbac\/wp-json\/wp\/v2\/media?parent=32942"}],"wp:term":[{"taxonomy":"store","embeddable":true,"href":"https:\/\/migensearch.com\/vangbac\/wp-json\/wp\/v2\/store?post=32942"},{"taxonomy":"product_brand","embeddable":true,"href":"https:\/\/migensearch.com\/vangbac\/wp-json\/wp\/v2\/product_brand?post=32942"},{"taxonomy":"product_cat","embeddable":true,"href":"https:\/\/migensearch.com\/vangbac\/wp-json\/wp\/v2\/product_cat?post=32942"},{"taxonomy":"product_tag","embeddable":true,"href":"https:\/\/migensearch.com\/vangbac\/wp-json\/wp\/v2\/product_tag?post=32942"}],"curies":[{"name":"wp","href":"https:\/\/api.w.org\/{rel}","templated":true}]}}