{"id":32961,"date":"2026-05-05T23:03:47","date_gmt":"2026-05-05T23:03:47","guid":{"rendered":"https:\/\/migensearch.com\/vangbac\/product\/bitis-sandal-bitis-summer-collection-be-gai-mau-xanh-duong-lot-beg002400xdl\/"},"modified":"2026-05-05T23:03:47","modified_gmt":"2026-05-05T23:03:47","slug":"bitis-sandal-bitis-summer-collection-be-gai-mau-xanh-duong-lot-beg002400xdl","status":"publish","type":"product","link":"https:\/\/migensearch.com\/vangbac\/product\/bitis-sandal-bitis-summer-collection-be-gai-mau-xanh-duong-lot-beg002400xdl\/","title":{"rendered":"Sandal Biti&#8217;s Summer Collection B\u00e9 G\u00e1i M\u00e0u Xanh D\u01b0\u01a1ng L\u1ee3t BEG002400XDL"},"content":{"rendered":"<p>https:\/\/bitis.com.vn\/collections\/sandal-be-gai<\/p>\n","protected":false},"excerpt":{"rendered":"<p>https:\/\/bitis.com.vn\/collections\/sandal-be-gai<\/p>\n","protected":false},"featured_media":0,"comment_status":"open","ping_status":"closed","template":"","meta":{"_gspb_post_css":""},"store":[],"product_brand":[],"product_cat":[15],"product_tag":[40],"class_list":{"0":"post-32961","1":"product","2":"type-product","3":"status-publish","5":"product_cat-uncategorized","6":"product_tag-bitis","8":"first","9":"instock","10":"shipping-taxable","11":"product-type-external"},"_links":{"self":[{"href":"https:\/\/migensearch.com\/vangbac\/wp-json\/wp\/v2\/product\/32961","targetHints":{"allow":["GET"]}}],"collection":[{"href":"https:\/\/migensearch.com\/vangbac\/wp-json\/wp\/v2\/product"}],"about":[{"href":"https:\/\/migensearch.com\/vangbac\/wp-json\/wp\/v2\/types\/product"}],"replies":[{"embeddable":true,"href":"https:\/\/migensearch.com\/vangbac\/wp-json\/wp\/v2\/comments?post=32961"}],"wp:attachment":[{"href":"https:\/\/migensearch.com\/vangbac\/wp-json\/wp\/v2\/media?parent=32961"}],"wp:term":[{"taxonomy":"store","embeddable":true,"href":"https:\/\/migensearch.com\/vangbac\/wp-json\/wp\/v2\/store?post=32961"},{"taxonomy":"product_brand","embeddable":true,"href":"https:\/\/migensearch.com\/vangbac\/wp-json\/wp\/v2\/product_brand?post=32961"},{"taxonomy":"product_cat","embeddable":true,"href":"https:\/\/migensearch.com\/vangbac\/wp-json\/wp\/v2\/product_cat?post=32961"},{"taxonomy":"product_tag","embeddable":true,"href":"https:\/\/migensearch.com\/vangbac\/wp-json\/wp\/v2\/product_tag?post=32961"}],"curies":[{"name":"wp","href":"https:\/\/api.w.org\/{rel}","templated":true}]}}